{"id":1276,"date":"2019-11-25T12:31:10","date_gmt":"2019-11-25T11:31:10","guid":{"rendered":"http:\/\/lafilmequipe.be\/?page_id=1276"},"modified":"2020-01-07T21:33:54","modified_gmt":"2020-01-07T20:33:54","slug":"formations-et-animations","status":"publish","type":"page","link":"https:\/\/lafilmequipe.be\/index.php\/services-2\/formations-et-animations\/","title":{"rendered":"Formations et animations"},"content":{"rendered":"\n<header class=\"wp-block-uagb-section uagb-section__wrap uagb-section__background-undefined uagb-block-04eef357-e489-4f19-b612-d0999e50ac58\"><div class=\"uagb-section__overlay\"><\/div><div class=\"uagb-section__inner-wrap\">\n<div class=\"wp-block-cover alignfull has-background-dim has-background-dim-NaN\" style=\"background-image:url(http:\/\/lafilmequipe.be\/wp-content\/uploads\/2020\/01\/82375670_1398471353663404_3794675636912521216_n-1.jpg);background-position:51.789002024799316% 49.20732451648247%;min-height:560px\"><div class=\"wp-block-cover__inner-container\">\n<h1 class=\"has-text-align-center\">Formations &amp; animations<\/h1>\n\n\n\n<p class=\"has-text-color has-text-align-center has-medium-font-size has-very-light-gray-color\"><a href=\"#formations\"><span style=\"color:#eeeeee\" class=\"tadv-color\">Formation<\/span>s<\/a>  &#8211;  <a href=\"#animations\">Animation<\/a>s <\/p>\n<\/div><\/div>\n<\/div><\/header>\n\n\n\n<section class=\"wp-block-uagb-section uagb-section__wrap uagb-section__background-color alignfull uagb-block-d064242e-3f83-42e5-89d1-585c82fee8be\"><div class=\"uagb-section__overlay\"><\/div><div class=\"uagb-section__inner-wrap\">\n<h2 class=\"has-very-dark-gray-color has-text-color has-text-align-center\" id=\"formations\">Formations<\/h2>\n\n\n\n<hr class=\"wp-block-separator\"\/>\n\n\n\n<section class=\"wp-block-uagb-columns uagb-columns__wrap uagb-columns__background-undefined uagb-columns__stack-mobile uagb-columns__valign-top uagb-columns__gap-10 alignfull uagb-block-57bb9115-55d3-48e0-adaa-70edd1930beb\"><div class=\"uagb-columns__overlay\"><\/div><div class=\"uagb-columns__inner-wrap uagb-columns__columns-3\">\n<div class=\"wp-block-uagb-column uagb-column__wrap uagb-column__background-undefined uagb-block-df6a8e8d-5fe5-486e-b689-0322b262174d\"><div class=\"uagb-column__overlay\"><\/div><div class=\"uagb-column__inner-wrap\">\n<h3 class=\"has-text-align-center\">Pour qui ? Pour quoi ?<\/h3>\n\n\n\n<p>Nous proposons des mini formations pouvant aller <strong>de 1 \u00e0 3 jours<\/strong> pour les petites et moyennes entreprises, ou les associations comme les maisons de jeunes ou les centres culturels. <\/p>\n\n\n\n<p>Nous proposons 2 formations : <\/p>\n\n\n\n<ul><li><strong>Filmer et monter sur son smartphone <\/strong>(de 14 \u00e0 99 ans)<\/li><li><strong>Am\u00e9liorer son marketing digital avec la vid\u00e9o<\/strong> (de 18 \u00e0 99 ans)<\/li><\/ul>\n<\/div><\/div>\n\n\n\n<div class=\"wp-block-uagb-column uagb-column__wrap uagb-column__background-undefined uagb-block-6a81d390-274e-4335-b44a-e78adf90eca4\"><div class=\"uagb-column__overlay\"><\/div><div class=\"uagb-column__inner-wrap\">\n<div style=\"height:26px\" aria-hidden=\"true\" class=\"wp-block-spacer\"><\/div>\n\n\n\n<ul><li>1 ou 2 formateurs<\/li><li>De 1 \u00e0 3 jours<\/li><li>Mise \u00e0 disposition de mat\u00e9riel.<\/li><li>Groupes de 12 personnes maximum.<\/li><\/ul>\n<\/div><\/div>\n\n\n\n<div class=\"wp-block-uagb-column uagb-column__wrap uagb-column__background-undefined uagb-block-27b0d296-404e-4c86-bdac-c5b9813e2588\"><div class=\"uagb-column__overlay\"><\/div><div class=\"uagb-column__inner-wrap\">\n<div class=\"wp-block-uagb-advanced-heading uagb-block-e65a6b5f-e1a8-421f-9af8-7617a1f6ade6\" id=\"uagb-adv-heading-f2947f3a-e6a3-47be-8931-66a77917456e\"><h3 class=\"uagb-heading-text\">Ils sont pass\u00e9s entre nos mains<\/h3><div class=\"uagb-separator-wrap\"><div class=\"uagb-separator\"><\/div><\/div><p class=\"uagb-desc-text\">&#8211; Le Centre Culturel du Brabant Wallon<br>&#8211; Les \u00e9l\u00e8ves de la coop\u00e9rative de la Haute \u00e9cole de la province de Namur<br>&#8211; Les animateurs des Maisons de Jeunes du Brabant Wallon<br>&#8211; &#8230;<\/p><\/div>\n\n\n\n<p class=\"has-text-align-right has-small-font-size\"><\/p>\n<\/div><\/div>\n<\/div><\/section>\n<\/div><\/section>\n\n\n\n<section class=\"wp-block-uagb-section uagb-section__wrap uagb-section__background-color alignfull uagb-block-e93751ef-edcb-42b7-beea-5be732c09ca0\"><div class=\"uagb-section__overlay\"><\/div><div class=\"uagb-section__inner-wrap\">\n<h2 class=\"has-text-align-center\" id=\"animations\">Animations<\/h2>\n\n\n\n<hr class=\"wp-block-separator\"\/>\n\n\n\n<section class=\"wp-block-uagb-columns uagb-columns__wrap uagb-columns__background-undefined uagb-columns__stack-mobile uagb-columns__valign-top uagb-columns__gap-10 alignfull uagb-block-140dcadb-04e4-47b0-8ae1-8f1716538cce\"><div class=\"uagb-columns__overlay\"><\/div><div class=\"uagb-columns__inner-wrap uagb-columns__columns-3\">\n<div class=\"wp-block-uagb-column uagb-column__wrap uagb-column__background-undefined uagb-block-a29d8101-019e-47eb-a67b-26cfb33cb28f\"><div class=\"uagb-column__overlay\"><\/div><div class=\"uagb-column__inner-wrap\">\n<div class=\"wp-block-uagb-advanced-heading uagb-block-4d3ee6d7-24d2-439f-ad0e-afe68c0694fc\" id=\"uagb-adv-heading-49edb62b-782c-41a8-9122-2bd2b044c610\"><h3 class=\"uagb-heading-text\">Quelques exemples<\/h3><div class=\"uagb-separator-wrap\"><div class=\"uagb-separator\"><\/div><\/div><p class=\"uagb-desc-text\"><\/p><\/div>\n\n\n\n\n<\/div><\/div>\n\n\n\n<div class=\"wp-block-uagb-column uagb-column__wrap uagb-column__background-undefined uagb-block-a976cc8b-ab5c-47ee-b371-fd3f7575cc87\"><div class=\"uagb-column__overlay\"><\/div><div class=\"uagb-column__inner-wrap\">\n<h3 class=\"has-text-align-center\">Pour qui ? Pour quoi ?<\/h3>\n\n\n\n<p>Nous r\u00e9alisons des animations pouvant aller <strong>de 1\/2 journ\u00e9e \u00e0 4 jours<\/strong> pour les \u00e9l\u00e8ves des \u00e9coles secondaires, le publique des maisons de jeunes, etc.<\/p>\n\n\n\n<p>Nous proposons 2 types d&rsquo;animations<\/p>\n\n\n\n<ul><li><strong>Faire un film avec son Smartphone <\/strong>(de 14 \u00e0 22 ans)<\/li><li><strong>Faire un mini film \u00ab\u00a0comme au cin\u00e9ma\u00a0\u00bb<\/strong>(de 13 \u00e0 18 ans)<\/li><\/ul>\n\n\n\n<p><\/p>\n<\/div><\/div>\n\n\n\n<div class=\"wp-block-uagb-column uagb-column__wrap uagb-column__background-undefined uagb-block-da9b20fa-86d6-4aab-9b0b-888ad956fc93\"><div class=\"uagb-column__overlay\"><\/div><div class=\"uagb-column__inner-wrap\">\n<ul><li>1 ou 2 formateurs<\/li><li>De 1\/2 journ\u00e9e \u00e0 4 jours<\/li><li>Mise \u00e0 disposition de mat\u00e9riel.<\/li><li>Groupes de 15 jeunes maximum.<\/li><\/ul>\n\n\n\n<p class=\"has-text-align-right has-small-font-size\"><\/p>\n<\/div><\/div>\n<\/div><\/section>\n<\/div><\/section>\n\n\n\n<div class=\"wp-block-cover alignfull has-background-dim\" style=\"background-image:url(http:\/\/lafilmequipe.be\/wp-content\/uploads\/2020\/01\/81478397_590319078412238_4997265758238015488_n.jpg);min-height:474px\"><div class=\"wp-block-cover__inner-container\">\n<p><\/p>\n\n\n\n<div class=\"uagb-cta__outer-wrap uagb-block-ee6fa55c-3abb-4c74-ac58-322f2d16a82a\"><div class=\"uagb-cta__content-wrap uagb-cta__block uagb-cta__icon-position-below-title \"><div class=\"uagb-cta__left-right-wrap\"><div class=\"uagb-cta__content\"><div class=\"uagb-cta__title-wrap\"><h3 class=\"uagb-cta__title\">Passons ensemble un bon moment de vid\u00e9o !<\/h3><\/div><div class=\"uagb-cta-text-wrap\"><p class=\"uagb-cta__desc\">Contactez nous pour nous faire part de vos demandes, nous nous ferons un plaisir d&rsquo;y r\u00e9pondre rapidement.<\/p><\/div><div class=\"uagb-cta__link-wrapper uagb-cta__block-link-style\"><div class=\"uagb-cta__button-wrapper\"><a href=\"http:\/\/lafilmequipe.be\/index.php\/contact\/\" class=\"uagb-cta__block-link uagb-cta__button-link-wrapper uagb-cta-typeof-button\" target=\"_self\" rel=\"noopener noreferrer\"><span class=\"uagb-cta__link-content-inner\"><span>Prendre contact !<\/span><\/span><\/a><\/div><\/div><\/div><\/div><\/div><\/div>\n<\/div><\/div>\n","protected":false},"excerpt":{"rendered":"","protected":false},"author":1,"featured_media":0,"parent":644,"menu_order":0,"comment_status":"closed","ping_status":"closed","template":"","meta":{"spay_email":""},"yoast_head":"<!-- This site is optimized with the Yoast SEO plugin v16.1.1 - https:\/\/yoast.com\/wordpress\/plugins\/seo\/ -->\n<title>Formations et animations - La Film \u00c9quipe<\/title>\n<meta name=\"description\" content=\"La Film Equipe r\u00e9pond \u00e0 vos besoin de vid\u00e9os en Wallonie et \u00e0 Bruxelles. Tournage, montage, production, ... pour soci\u00e9t\u00e9s, ASBL et m\u00e9dias.\" \/>\n<link rel=\"canonical\" href=\"https:\/\/lafilmequipe.be\/index.php\/services-2\/formations-et-animations\/\" \/>\n<meta property=\"og:locale\" content=\"fr_FR\" \/>\n<meta property=\"og:type\" content=\"article\" \/>\n<meta property=\"og:title\" content=\"Formations et animations - La Film \u00c9quipe\" \/>\n<meta property=\"og:description\" content=\"La Film Equipe r\u00e9pond \u00e0 vos besoin de vid\u00e9os en Wallonie et \u00e0 Bruxelles. Tournage, montage, production, ... pour soci\u00e9t\u00e9s, ASBL et m\u00e9dias.\" \/>\n<meta property=\"og:url\" content=\"https:\/\/lafilmequipe.be\/index.php\/services-2\/formations-et-animations\/\" \/>\n<meta property=\"og:site_name\" content=\"La Film \u00c9quipe\" \/>\n<meta property=\"article:modified_time\" content=\"2020-01-07T20:33:54+00:00\" \/>\n<meta name=\"twitter:card\" content=\"summary_large_image\" \/>\n<meta name=\"twitter:label1\" content=\"Dur\u00e9e de lecture est.\">\n\t<meta name=\"twitter:data1\" content=\"1 minute\">\n<script type=\"application\/ld+json\" class=\"yoast-schema-graph\">{\"@context\":\"https:\/\/schema.org\",\"@graph\":[{\"@type\":\"WebSite\",\"@id\":\"http:\/\/lafilmequipe.be\/#website\",\"url\":\"http:\/\/lafilmequipe.be\/\",\"name\":\"La Film \\u00c9quipe\",\"description\":\"Production de vid\\u00e9os, films, et captations multi-cam\\u00e9ras\",\"potentialAction\":[{\"@type\":\"SearchAction\",\"target\":\"http:\/\/lafilmequipe.be\/?s={search_term_string}\",\"query-input\":\"required name=search_term_string\"}],\"inLanguage\":\"fr-FR\"},{\"@type\":\"WebPage\",\"@id\":\"https:\/\/lafilmequipe.be\/index.php\/services-2\/formations-et-animations\/#webpage\",\"url\":\"https:\/\/lafilmequipe.be\/index.php\/services-2\/formations-et-animations\/\",\"name\":\"Formations et animations - La Film \\u00c9quipe\",\"isPartOf\":{\"@id\":\"http:\/\/lafilmequipe.be\/#website\"},\"datePublished\":\"2019-11-25T11:31:10+00:00\",\"dateModified\":\"2020-01-07T20:33:54+00:00\",\"description\":\"La Film Equipe r\\u00e9pond \\u00e0 vos besoin de vid\\u00e9os en Wallonie et \\u00e0 Bruxelles. Tournage, montage, production, ... pour soci\\u00e9t\\u00e9s, ASBL et m\\u00e9dias.\",\"breadcrumb\":{\"@id\":\"https:\/\/lafilmequipe.be\/index.php\/services-2\/formations-et-animations\/#breadcrumb\"},\"inLanguage\":\"fr-FR\",\"potentialAction\":[{\"@type\":\"ReadAction\",\"target\":[\"https:\/\/lafilmequipe.be\/index.php\/services-2\/formations-et-animations\/\"]}]},{\"@type\":\"BreadcrumbList\",\"@id\":\"https:\/\/lafilmequipe.be\/index.php\/services-2\/formations-et-animations\/#breadcrumb\",\"itemListElement\":[{\"@type\":\"ListItem\",\"position\":1,\"item\":{\"@type\":\"WebPage\",\"@id\":\"http:\/\/lafilmequipe.be\/\",\"url\":\"http:\/\/lafilmequipe.be\/\",\"name\":\"Accueil\"}},{\"@type\":\"ListItem\",\"position\":2,\"item\":{\"@type\":\"WebPage\",\"@id\":\"https:\/\/lafilmequipe.be\/index.php\/services-2\/\",\"url\":\"https:\/\/lafilmequipe.be\/index.php\/services-2\/\",\"name\":\"Services\"}},{\"@type\":\"ListItem\",\"position\":3,\"item\":{\"@type\":\"WebPage\",\"@id\":\"https:\/\/lafilmequipe.be\/index.php\/services-2\/formations-et-animations\/\",\"url\":\"https:\/\/lafilmequipe.be\/index.php\/services-2\/formations-et-animations\/\",\"name\":\"Formations et animations\"}}]}]}<\/script>\n<!-- \/ Yoast SEO plugin. -->","uagb_featured_image_src":{"full":false,"thumbnail":false,"medium":false,"medium_large":false,"large":false,"1536x1536":false,"2048x2048":false},"uagb_author_info":{"display_name":"admin1822","author_link":"https:\/\/lafilmequipe.be\/index.php\/author\/admin1822\/"},"uagb_comment_info":0,"uagb_excerpt":null,"jetpack_sharing_enabled":true,"_links":{"self":[{"href":"https:\/\/lafilmequipe.be\/index.php\/wp-json\/wp\/v2\/pages\/1276"}],"collection":[{"href":"https:\/\/lafilmequipe.be\/index.php\/wp-json\/wp\/v2\/pages"}],"about":[{"href":"https:\/\/lafilmequipe.be\/index.php\/wp-json\/wp\/v2\/types\/page"}],"author":[{"embeddable":true,"href":"https:\/\/lafilmequipe.be\/index.php\/wp-json\/wp\/v2\/users\/1"}],"replies":[{"embeddable":true,"href":"https:\/\/lafilmequipe.be\/index.php\/wp-json\/wp\/v2\/comments?post=1276"}],"version-history":[{"count":15,"href":"https:\/\/lafilmequipe.be\/index.php\/wp-json\/wp\/v2\/pages\/1276\/revisions"}],"predecessor-version":[{"id":1364,"href":"https:\/\/lafilmequipe.be\/index.php\/wp-json\/wp\/v2\/pages\/1276\/revisions\/1364"}],"up":[{"embeddable":true,"href":"https:\/\/lafilmequipe.be\/index.php\/wp-json\/wp\/v2\/pages\/644"}],"wp:attachment":[{"href":"https:\/\/lafilmequipe.be\/index.php\/wp-json\/wp\/v2\/media?parent=1276"}],"curies":[{"name":"wp","href":"https:\/\/api.w.org\/{rel}","templated":true}]}}