{"id":1402,"date":"2020-01-15T16:08:46","date_gmt":"2020-01-15T15:08:46","guid":{"rendered":"http:\/\/lafilmequipe.be\/?page_id=1402"},"modified":"2020-01-23T21:43:09","modified_gmt":"2020-01-23T20:43:09","slug":"a-propos-de-nous","status":"publish","type":"page","link":"https:\/\/lafilmequipe.be\/index.php\/a-propos-de-nous\/","title":{"rendered":"\u00c0 propos de nous"},"content":{"rendered":"\n<section class=\"wp-block-uagb-section uagb-section__wrap uagb-section__background-undefined uagb-block-521d68e8-22a3-4802-8184-f14b3be49dc4\"><div class=\"uagb-section__overlay\"><\/div><div class=\"uagb-section__inner-wrap\">\n<div class=\"wp-block-cover alignfull has-very-dark-gray-background-color has-background-dim\" style=\"background-image:url(http:\/\/lafilmequipe.be\/wp-content\/uploads\/2020\/01\/82230364_2675225842561278_8579558698337173504_n.jpg);min-height:430px\"><div class=\"wp-block-cover__inner-container\">\n<p class=\"has-text-align-center has-large-font-size\">\u00c0 propos de nous<\/p>\n<\/div><\/div>\n<\/div><\/section>\n\n\n\n<div class=\"wp-block-group alignfull has-background\" style=\"background-color:#8d9ca8\"><div class=\"wp-block-group__inner-container\">\n<div style=\"height:20px\" aria-hidden=\"true\" class=\"wp-block-spacer\"><\/div>\n\n\n\n<h2 class=\"has-text-align-center\"><span style=\"color:#eeeeee\" class=\"tadv-color\">L&rsquo;\u00e9quipe &#8230; C&rsquo;est nous !<\/span><\/h2>\n\n\n\n<div class=\"wp-block-nextend-smartslider3\"><\/div>\n<\/div><\/div>\n\n\n\n<section class=\"wp-block-uagb-section uagb-section__wrap uagb-section__background-color alignfull uagb-block-221ef8fa-46d6-467d-846f-d1fe3cb726d7\"><div class=\"uagb-section__overlay\"><\/div><div class=\"uagb-section__inner-wrap\">\n<section class=\"wp-block-uagb-columns uagb-columns__wrap uagb-columns__background-undefined uagb-columns__stack-tablet uagb-columns__valign-middle uagb-columns__gap-10 alignundefined uagb-block-7694ec7d-3c1b-4c80-80fd-904ab6a30129\"><div class=\"uagb-columns__overlay\"><\/div><div class=\"uagb-columns__inner-wrap uagb-columns__columns-2\">\n<div class=\"wp-block-uagb-column uagb-column__wrap uagb-column__background-color uagb-block-b464f386-aa64-4586-8a2d-125fbfaa74e8\"><div class=\"uagb-column__overlay\"><\/div><div class=\"uagb-column__inner-wrap\">\n<div class=\"uagb-infobox__outer-wrap uagb-block-5362328b-0a53-45f1-ad2c-5e18ccea7e36\"><div class=\"uagb-infobox__content-wrap uagb-infobox uagb-infobox-has-icon uagb-infobox-icon-above-title uagb-infobox-image-valign-top uagb-infobox-enable-border-radius \"><div class=\"uagb-ifb-left-right-wrap\"><div class=\"uagb-ifb-content\"><div class=\"uagb-ifb-title-wrap\"><h2 class=\"uagb-ifb-title\">La Film et qui ? <\/h2><\/div><div class=\"uagb-ifb-text-wrap\"><p class=\"uagb-ifb-desc\"><strong>Passionn\u00e9s d&rsquo;audiovisuel <\/strong>et anciens employ\u00e9s en t\u00e9l\u00e9vision, Charles Devroye et Baptiste Gandibleux ont cr\u00e9\u00e9 \u00ab\u00a0<strong>La Film \u00c9quipe<\/strong>\u00a0\u00bb en 2013 dans le but de proposer des <strong><span style=\"text-decoration: underline;\">services audiovisuels efficaces, de qualit\u00e9 et peu on\u00e9reux<\/span><\/strong> principalement \u00e0 destination des entreprises et des associations. Depuis \u00ab\u00a0<strong>La Film \u00c9quipe<\/strong>\u00a0\u00bb a pu diversifier sa gamme de produits avec par exemple le d\u00e9veloppement d&rsquo;une unit\u00e9 de captation mobile multi-cam\u00e9ra ou encore le studio d&rsquo;enregistrement\/production son.<\/p><\/div><\/div><\/div><\/div><\/div>\n\n\n\n<p> <\/p>\n\n\n\n<p>.<\/p>\n<\/div><\/div>\n\n\n\n<div class=\"wp-block-uagb-column uagb-column__wrap uagb-column__background-image uagb-block-08408b9e-2d7a-48d3-9ff1-8021d758254a\"><div class=\"uagb-column__overlay\"><\/div><div class=\"uagb-column__inner-wrap\">\n<p><\/p>\n<\/div><\/div>\n<\/div><\/section>\n<\/div><\/section>\n\n\n\n<p><\/p>\n","protected":false},"excerpt":{"rendered":"","protected":false},"author":1,"featured_media":0,"parent":0,"menu_order":0,"comment_status":"closed","ping_status":"closed","template":"","meta":{"spay_email":""},"yoast_head":"<!-- This site is optimized with the Yoast SEO plugin v16.1.1 - https:\/\/yoast.com\/wordpress\/plugins\/seo\/ -->\n<title>\u00c0 propos de nous - La Film \u00c9quipe<\/title>\n<link rel=\"canonical\" href=\"http:\/\/lafilmequipe.be\/index.php\/a-propos-de-nous\/\" \/>\n<meta property=\"og:locale\" content=\"fr_FR\" \/>\n<meta property=\"og:type\" content=\"article\" \/>\n<meta property=\"og:title\" content=\"\u00c0 propos de nous - La Film \u00c9quipe\" \/>\n<meta property=\"og:url\" content=\"http:\/\/lafilmequipe.be\/index.php\/a-propos-de-nous\/\" \/>\n<meta property=\"og:site_name\" content=\"La Film \u00c9quipe\" \/>\n<meta property=\"article:modified_time\" content=\"2020-01-23T20:43:09+00:00\" \/>\n<meta name=\"twitter:card\" content=\"summary_large_image\" \/>\n<script type=\"application\/ld+json\" class=\"yoast-schema-graph\">{\"@context\":\"https:\/\/schema.org\",\"@graph\":[{\"@type\":\"WebSite\",\"@id\":\"http:\/\/lafilmequipe.be\/#website\",\"url\":\"http:\/\/lafilmequipe.be\/\",\"name\":\"La Film \\u00c9quipe\",\"description\":\"Production de vid\\u00e9os, films, et captations multi-cam\\u00e9ras\",\"potentialAction\":[{\"@type\":\"SearchAction\",\"target\":\"http:\/\/lafilmequipe.be\/?s={search_term_string}\",\"query-input\":\"required name=search_term_string\"}],\"inLanguage\":\"fr-FR\"},{\"@type\":\"WebPage\",\"@id\":\"http:\/\/lafilmequipe.be\/index.php\/a-propos-de-nous\/#webpage\",\"url\":\"http:\/\/lafilmequipe.be\/index.php\/a-propos-de-nous\/\",\"name\":\"\\u00c0 propos de nous - La Film \\u00c9quipe\",\"isPartOf\":{\"@id\":\"http:\/\/lafilmequipe.be\/#website\"},\"datePublished\":\"2020-01-15T15:08:46+00:00\",\"dateModified\":\"2020-01-23T20:43:09+00:00\",\"breadcrumb\":{\"@id\":\"http:\/\/lafilmequipe.be\/index.php\/a-propos-de-nous\/#breadcrumb\"},\"inLanguage\":\"fr-FR\",\"potentialAction\":[{\"@type\":\"ReadAction\",\"target\":[\"http:\/\/lafilmequipe.be\/index.php\/a-propos-de-nous\/\"]}]},{\"@type\":\"BreadcrumbList\",\"@id\":\"http:\/\/lafilmequipe.be\/index.php\/a-propos-de-nous\/#breadcrumb\",\"itemListElement\":[{\"@type\":\"ListItem\",\"position\":1,\"item\":{\"@type\":\"WebPage\",\"@id\":\"http:\/\/lafilmequipe.be\/\",\"url\":\"http:\/\/lafilmequipe.be\/\",\"name\":\"Accueil\"}},{\"@type\":\"ListItem\",\"position\":2,\"item\":{\"@type\":\"WebPage\",\"@id\":\"http:\/\/lafilmequipe.be\/index.php\/a-propos-de-nous\/\",\"url\":\"http:\/\/lafilmequipe.be\/index.php\/a-propos-de-nous\/\",\"name\":\"\\u00c0 propos de nous\"}}]}]}<\/script>\n<!-- \/ Yoast SEO plugin. -->","uagb_featured_image_src":{"full":false,"thumbnail":false,"medium":false,"medium_large":false,"large":false,"1536x1536":false,"2048x2048":false},"uagb_author_info":{"display_name":"admin1822","author_link":"https:\/\/lafilmequipe.be\/index.php\/author\/admin1822\/"},"uagb_comment_info":0,"uagb_excerpt":null,"jetpack_sharing_enabled":true,"_links":{"self":[{"href":"https:\/\/lafilmequipe.be\/index.php\/wp-json\/wp\/v2\/pages\/1402"}],"collection":[{"href":"https:\/\/lafilmequipe.be\/index.php\/wp-json\/wp\/v2\/pages"}],"about":[{"href":"https:\/\/lafilmequipe.be\/index.php\/wp-json\/wp\/v2\/types\/page"}],"author":[{"embeddable":true,"href":"https:\/\/lafilmequipe.be\/index.php\/wp-json\/wp\/v2\/users\/1"}],"replies":[{"embeddable":true,"href":"https:\/\/lafilmequipe.be\/index.php\/wp-json\/wp\/v2\/comments?post=1402"}],"version-history":[{"count":12,"href":"https:\/\/lafilmequipe.be\/index.php\/wp-json\/wp\/v2\/pages\/1402\/revisions"}],"predecessor-version":[{"id":1427,"href":"https:\/\/lafilmequipe.be\/index.php\/wp-json\/wp\/v2\/pages\/1402\/revisions\/1427"}],"wp:attachment":[{"href":"https:\/\/lafilmequipe.be\/index.php\/wp-json\/wp\/v2\/media?parent=1402"}],"curies":[{"name":"wp","href":"https:\/\/api.w.org\/{rel}","templated":true}]}}