{"id":644,"date":"2019-11-02T20:31:25","date_gmt":"2019-11-02T19:31:25","guid":{"rendered":"http:\/\/lafilmequipe.be\/?page_id=644"},"modified":"2020-01-07T19:37:08","modified_gmt":"2020-01-07T18:37:08","slug":"services-2","status":"publish","type":"page","link":"https:\/\/lafilmequipe.be\/index.php\/services-2\/","title":{"rendered":"Services"},"content":{"rendered":"\n<header class=\"wp-block-uagb-section uagb-section__wrap uagb-section__background-undefined uagb-block-db722b15-4548-4d48-91e8-809e03ff2805\"><div class=\"uagb-section__overlay\"><\/div><div class=\"uagb-section__inner-wrap\">\n<div class=\"wp-block-cover alignfull has-background-dim-60 has-very-dark-gray-background-color has-background-dim\" style=\"background-image:url(http:\/\/lafilmequipe.be\/wp-content\/uploads\/2019\/11\/20180502_152339.jpg)\"><div class=\"wp-block-cover__inner-container\">\n<h1 class=\"has-text-align-center\">Nos services<\/h1>\n<\/div><\/div>\n<\/div><\/header>\n\n\n\n<section class=\"wp-block-uagb-section uagb-section__wrap uagb-section__background-color alignfull uagb-block-5f0d4b46-1e84-4f17-81d6-44fc5e77fe1a\"><div class=\"uagb-section__overlay\"><\/div><div class=\"uagb-section__inner-wrap\">\n<main class=\"wp-block-uagb-columns uagb-columns__wrap uagb-columns__background-none uagb-columns__stack-tablet uagb-columns__valign-top uagb-columns__gap-5 alignwide uagb-block-72ff9df5-87b7-4b67-835a-20160a72ff0a\"><div class=\"uagb-columns__overlay\"><\/div><div class=\"uagb-columns__inner-wrap uagb-columns__columns-4\">\n<div class=\"wp-block-uagb-column uagb-column__wrap uagb-column__background-color uagb-block-871796f7-a1af-48ab-a36a-cb035236e9cb\"><div class=\"uagb-column__overlay\"><\/div><div class=\"uagb-column__inner-wrap\">\n<div class=\"uagb-infobox__outer-wrap uagb-block-9564da5e-4fac-432f-a831-8a1783cd9cee\"><div class=\"uagb-infobox__content-wrap uagb-infobox uagb-infobox-has-image uagb-infobox-icon-below-title uagb-infobox-image-valign-top uagb-infobox-enable-border-radius \"><div class=\"uagb-ifb-left-right-wrap\"><div class=\"uagb-ifb-content\"><div class=\"uagb-ifb-title-wrap\"><h3 class=\"uagb-ifb-title\">Production<\/h3><\/div><div class=\"uagb-ifb-image-icon-content uagb-ifb-imgicon-wrap\"><div class=\"uagb-ifb-image\"><div class=\"uagb-ifb-image-content\"><img class=\"\" src=\"https:\/\/i0.wp.com\/lafilmequipe.be\/wp-content\/uploads\/2019\/11\/20180502_161330.jpg?resize=150%2C150\" alt=\"Tournage Green Screen Starman Citadelle Namur\" data-recalc-dims=\"1\"\/><\/div><\/div><\/div><div class=\"uagb-ifb-separator-parent\"><div class=\"uagb-ifb-separator\"><\/div><\/div><div class=\"uagb-ifb-text-wrap\"><p class=\"uagb-ifb-desc\">Un After Movie? Une vid\u00e9o promotionnelle ? Des capsules pour le Web, les r\u00e9seaux sociaux et la t\u00e9l\u00e9vision ? D\u00e9couvrez ici toutes nos solutions de communication en vid\u00e9os pour votre entreprise, votre association.<\/p><div class=\"uagb-ifb-cta uagb-infobox-cta-link-style\"><div class=\"uagb-ifb-button-wrapper\"><a href=\"http:\/\/lafilmequipe.be\/index.php\/services-2\/production-de-videos\/\" class=\"uagb-infobox-cta-link uagb-ifb-cta-button\" target=\"_self\" rel=\"noopener noreferrer\"><span class=\"uagb-ifb-cta-content-wrapper\"><span class=\"uagb-inline-editing \">En savoir plus<\/span><\/span><\/a><\/div><\/div><\/div><\/div><\/div><\/div><\/div>\n\n\n\n<p><\/p>\n<\/div><\/div>\n\n\n\n<div class=\"wp-block-uagb-column uagb-column__wrap uagb-column__background-color uagb-block-4b9d28e5-915a-4f40-9830-1e4c9dd30571\"><div class=\"uagb-column__overlay\"><\/div><div class=\"uagb-column__inner-wrap\">\n<div class=\"uagb-infobox__outer-wrap uagb-block-8cc25896-9263-4861-9b81-b70cf07af568\"><div class=\"uagb-infobox__content-wrap uagb-infobox uagb-infobox-has-image uagb-infobox-icon-below-title uagb-infobox-image-valign-top uagb-infobox-enable-border-radius \"><div class=\"uagb-ifb-left-right-wrap\"><div class=\"uagb-ifb-content\"><div class=\"uagb-ifb-title-wrap\"><h3 class=\"uagb-ifb-title\">Captation<\/h3><\/div><div class=\"uagb-ifb-image-icon-content uagb-ifb-imgicon-wrap\"><div class=\"uagb-ifb-image\"><div class=\"uagb-ifb-image-content\"><img class=\"\" src=\"https:\/\/i2.wp.com\/lafilmequipe.be\/wp-content\/uploads\/2019\/11\/20190624_203326.jpg?resize=150%2C150\" alt=\"La Film Equipe En captation\" data-recalc-dims=\"1\"\/><\/div><\/div><\/div><div class=\"uagb-ifb-separator-parent\"><div class=\"uagb-ifb-separator\"><\/div><\/div><div class=\"uagb-ifb-text-wrap\"><p class=\"uagb-ifb-desc\">Vous organisez une conf\u00e9rence ou un \u00e9v\u00e9nement que aimeriez diffusez en streaming live sur le web ? Nous vous proposons diverses formules de captations multi-cam\u00e9ras. Pour les connaitre, c&rsquo;est ici.<\/p><div class=\"uagb-ifb-cta uagb-infobox-cta-link-style\"><div class=\"uagb-ifb-button-wrapper\"><a href=\"http:\/\/lafilmequipe.be\/index.php\/services-2\/captations-live-multi-cameras\/\" class=\"uagb-infobox-cta-link uagb-ifb-cta-button\" target=\"_self\" rel=\"noopener noreferrer\"><span class=\"uagb-ifb-cta-content-wrapper\"><span class=\"uagb-inline-editing \">En savoir plus<\/span><\/span><\/a><\/div><\/div><\/div><\/div><\/div><\/div><\/div>\n\n\n\n<p><\/p>\n<\/div><\/div>\n\n\n\n<div class=\"wp-block-uagb-column uagb-column__wrap uagb-column__background-color uagb-block-c4bc0c49-0798-4d13-a231-40decf489c7d\"><div class=\"uagb-column__overlay\"><\/div><div class=\"uagb-column__inner-wrap\">\n<div class=\"uagb-infobox__outer-wrap uagb-block-32d4418b-1d95-412f-a551-38877efcace0\"><div class=\"uagb-infobox__content-wrap uagb-infobox uagb-infobox-has-image uagb-infobox-icon-below-title uagb-infobox-image-valign-top uagb-infobox-enable-border-radius \"><div class=\"uagb-ifb-left-right-wrap\"><div class=\"uagb-ifb-content\"><div class=\"uagb-ifb-title-wrap\"><h3 class=\"uagb-ifb-title\">Son<\/h3><\/div><div class=\"uagb-ifb-image-icon-content uagb-ifb-imgicon-wrap\"><div class=\"uagb-ifb-image\"><div class=\"uagb-ifb-image-content\"><img class=\"\" src=\"https:\/\/i0.wp.com\/lafilmequipe.be\/wp-content\/uploads\/2019\/11\/micro.png?resize=150%2C150\" alt=\"Enregistrement voix off et habillage sonore\" data-recalc-dims=\"1\"\/><\/div><\/div><\/div><div class=\"uagb-ifb-separator-parent\"><div class=\"uagb-ifb-separator\"><\/div><\/div><div class=\"uagb-ifb-text-wrap\"><p class=\"uagb-ifb-desc\">Un  spot radio, un habillage sonore ou des voix off ? Avec la Film Equipe,  nous aimons aussi travailler le son ! Rendez-vous dans cette rubrique  qui vous expliquera l\u2019int\u00e9gralit\u00e9 de nos services sonores.<\/p><div class=\"uagb-ifb-cta uagb-infobox-cta-link-style\"><div class=\"uagb-ifb-button-wrapper\"><a href=\"http:\/\/lafilmequipe.be\/index.php\/services-2\/habillage-sonores-et-voix-off\/\" class=\"uagb-infobox-cta-link uagb-ifb-cta-button\" target=\"_self\" rel=\"noopener noreferrer\"><span class=\"uagb-ifb-cta-content-wrapper\"><span class=\"uagb-inline-editing \">En savoir plus<\/span><\/span><\/a><\/div><\/div><\/div><\/div><\/div><\/div><\/div>\n\n\n\n<p><\/p>\n<\/div><\/div>\n\n\n\n<div class=\"wp-block-uagb-column uagb-column__wrap uagb-column__background-color uagb-block-10e896d4-b368-4338-b753-874fdcfd66f2\"><div class=\"uagb-column__overlay\"><\/div><div class=\"uagb-column__inner-wrap\">\n<div class=\"uagb-infobox__outer-wrap uagb-block-c1046b81-ee70-4bce-a724-a2f21c543755\"><div class=\"uagb-infobox__content-wrap uagb-infobox uagb-infobox-has-image uagb-infobox-icon-below-title uagb-infobox-image-valign-top uagb-infobox-enable-border-radius \"><div class=\"uagb-ifb-left-right-wrap\"><div class=\"uagb-ifb-content\"><div class=\"uagb-ifb-title-wrap\"><h3 class=\"uagb-ifb-title\">Formations<\/h3><\/div><div class=\"uagb-ifb-image-icon-content uagb-ifb-imgicon-wrap\"><div class=\"uagb-ifb-image\"><div class=\"uagb-ifb-image-content\"><img class=\"\" src=\"https:\/\/i1.wp.com\/lafilmequipe.be\/wp-content\/uploads\/2019\/11\/20180519_141027.jpg?resize=150%2C150\" alt=\"La Film \u00e9quipe fait des formations vid\u00e9os\" data-recalc-dims=\"1\"\/><\/div><\/div><\/div><div class=\"uagb-ifb-separator-parent\"><div class=\"uagb-ifb-separator\"><\/div><\/div><div class=\"uagb-ifb-text-wrap\"><p class=\"uagb-ifb-desc\">Avec La Film \u00e9quipe nous aimons transmettre et partager notre passion de la vid\u00e9o ! D\u00e9couvrez nos formations et nos animations vid\u00e9os pour les entreprises, les associations, les \u00e9coles, etc.<br><\/p><div class=\"uagb-ifb-cta uagb-infobox-cta-link-style\"><div class=\"uagb-ifb-button-wrapper\"><a href=\"http:\/\/lafilmequipe.be\/index.php\/services-2\/formations-et-animations\/\" class=\"uagb-infobox-cta-link uagb-ifb-cta-button\" target=\"_self\" rel=\"noopener noreferrer\"><span class=\"uagb-ifb-cta-content-wrapper\"><span class=\"uagb-inline-editing \">En savoir plus<\/span><\/span><\/a><\/div><\/div><\/div><\/div><\/div><\/div><\/div>\n<\/div><\/div>\n<\/div><\/main>\n\n\n\n<div style=\"height:100px\" aria-hidden=\"true\" class=\"wp-block-spacer\"><\/div>\n\n\n\n<p class=\"has-text-align-center\">Votre projet ne correspond pas compl\u00e8tement aux services repris ci dessus ? Pas de probl\u00e8me ! N&rsquo;h\u00e9sitez pas \u00e0 nous <strong><span style=\"text-decoration: underline;\"><a href=\"http:\/\/lafilmequipe.be\/index.php\/contact\/\">contacter<\/a><\/span><\/strong>, nous analyserons avec vous votre demande et sa faisabilit\u00e9.<\/p>\n\n\n\n<div style=\"height:100px\" aria-hidden=\"true\" class=\"wp-block-spacer\"><\/div>\n<\/div><\/section>\n\n\n\n<p><\/p>\n","protected":false},"excerpt":{"rendered":"","protected":false},"author":1,"featured_media":0,"parent":0,"menu_order":0,"comment_status":"closed","ping_status":"closed","template":"","meta":{"spay_email":""},"yoast_head":"<!-- This site is optimized with the Yoast SEO plugin v16.1.1 - https:\/\/yoast.com\/wordpress\/plugins\/seo\/ -->\n<title>Services - La Film \u00c9quipe<\/title>\n<link rel=\"canonical\" href=\"https:\/\/lafilmequipe.be\/index.php\/services-2\/\" \/>\n<meta property=\"og:locale\" content=\"fr_FR\" \/>\n<meta property=\"og:type\" content=\"article\" \/>\n<meta property=\"og:title\" content=\"Services - La Film \u00c9quipe\" \/>\n<meta property=\"og:url\" content=\"https:\/\/lafilmequipe.be\/index.php\/services-2\/\" \/>\n<meta property=\"og:site_name\" content=\"La Film \u00c9quipe\" \/>\n<meta property=\"article:modified_time\" content=\"2020-01-07T18:37:08+00:00\" \/>\n<meta name=\"twitter:card\" content=\"summary_large_image\" \/>\n<script type=\"application\/ld+json\" class=\"yoast-schema-graph\">{\"@context\":\"https:\/\/schema.org\",\"@graph\":[{\"@type\":\"WebSite\",\"@id\":\"http:\/\/lafilmequipe.be\/#website\",\"url\":\"http:\/\/lafilmequipe.be\/\",\"name\":\"La Film \\u00c9quipe\",\"description\":\"Production de vid\\u00e9os, films, et captations multi-cam\\u00e9ras\",\"potentialAction\":[{\"@type\":\"SearchAction\",\"target\":\"http:\/\/lafilmequipe.be\/?s={search_term_string}\",\"query-input\":\"required name=search_term_string\"}],\"inLanguage\":\"fr-FR\"},{\"@type\":\"WebPage\",\"@id\":\"https:\/\/lafilmequipe.be\/index.php\/services-2\/#webpage\",\"url\":\"https:\/\/lafilmequipe.be\/index.php\/services-2\/\",\"name\":\"Services - La Film \\u00c9quipe\",\"isPartOf\":{\"@id\":\"http:\/\/lafilmequipe.be\/#website\"},\"datePublished\":\"2019-11-02T19:31:25+00:00\",\"dateModified\":\"2020-01-07T18:37:08+00:00\",\"breadcrumb\":{\"@id\":\"https:\/\/lafilmequipe.be\/index.php\/services-2\/#breadcrumb\"},\"inLanguage\":\"fr-FR\",\"potentialAction\":[{\"@type\":\"ReadAction\",\"target\":[\"https:\/\/lafilmequipe.be\/index.php\/services-2\/\"]}]},{\"@type\":\"BreadcrumbList\",\"@id\":\"https:\/\/lafilmequipe.be\/index.php\/services-2\/#breadcrumb\",\"itemListElement\":[{\"@type\":\"ListItem\",\"position\":1,\"item\":{\"@type\":\"WebPage\",\"@id\":\"http:\/\/lafilmequipe.be\/\",\"url\":\"http:\/\/lafilmequipe.be\/\",\"name\":\"Accueil\"}},{\"@type\":\"ListItem\",\"position\":2,\"item\":{\"@type\":\"WebPage\",\"@id\":\"https:\/\/lafilmequipe.be\/index.php\/services-2\/\",\"url\":\"https:\/\/lafilmequipe.be\/index.php\/services-2\/\",\"name\":\"Services\"}}]}]}<\/script>\n<!-- \/ Yoast SEO plugin. -->","uagb_featured_image_src":{"full":false,"thumbnail":false,"medium":false,"medium_large":false,"large":false,"1536x1536":false,"2048x2048":false},"uagb_author_info":{"display_name":"admin1822","author_link":"https:\/\/lafilmequipe.be\/index.php\/author\/admin1822\/"},"uagb_comment_info":0,"uagb_excerpt":null,"jetpack_sharing_enabled":true,"_links":{"self":[{"href":"https:\/\/lafilmequipe.be\/index.php\/wp-json\/wp\/v2\/pages\/644"}],"collection":[{"href":"https:\/\/lafilmequipe.be\/index.php\/wp-json\/wp\/v2\/pages"}],"about":[{"href":"https:\/\/lafilmequipe.be\/index.php\/wp-json\/wp\/v2\/types\/page"}],"author":[{"embeddable":true,"href":"https:\/\/lafilmequipe.be\/index.php\/wp-json\/wp\/v2\/users\/1"}],"replies":[{"embeddable":true,"href":"https:\/\/lafilmequipe.be\/index.php\/wp-json\/wp\/v2\/comments?post=644"}],"version-history":[{"count":49,"href":"https:\/\/lafilmequipe.be\/index.php\/wp-json\/wp\/v2\/pages\/644\/revisions"}],"predecessor-version":[{"id":1332,"href":"https:\/\/lafilmequipe.be\/index.php\/wp-json\/wp\/v2\/pages\/644\/revisions\/1332"}],"wp:attachment":[{"href":"https:\/\/lafilmequipe.be\/index.php\/wp-json\/wp\/v2\/media?parent=644"}],"curies":[{"name":"wp","href":"https:\/\/api.w.org\/{rel}","templated":true}]}}