{"id":655,"date":"2019-11-02T20:35:44","date_gmt":"2019-11-02T19:35:44","guid":{"rendered":"http:\/\/lafilmequipe.be\/?page_id=655"},"modified":"2020-01-27T16:32:10","modified_gmt":"2020-01-27T15:32:10","slug":"production-de-videos","status":"publish","type":"page","link":"https:\/\/lafilmequipe.be\/index.php\/services-2\/production-de-videos\/","title":{"rendered":"Production de vid\u00e9os"},"content":{"rendered":"\n<header class=\"wp-block-uagb-section uagb-section__wrap uagb-section__background-undefined uagb-block-61f42416-bb1f-4ef4-a8f1-2fbc5193ecc4\"><div class=\"uagb-section__overlay\"><\/div><div class=\"uagb-section__inner-wrap\">\n<div class=\"wp-block-cover alignfull has-background-dim\" style=\"background-image:url(http:\/\/lafilmequipe.be\/wp-content\/uploads\/2019\/11\/IMG_4926-2.jpg);background-position:47.20184606149656% 38.29268478765721%;min-height:560px\"><div class=\"wp-block-cover__inner-container\">\n<h2 class=\"has-text-align-center\">Nos services de production de vid\u00e9os<\/h2>\n\n\n\n<p class=\"has-text-color has-text-align-center has-medium-font-size has-very-light-gray-color\"><a href=\"#aftermovie\"><span style=\"color:#eeeeee\" class=\"tadv-color\">After movie \/ Film souvenir<\/span><\/a>  &#8211;  <a href=\"#pubs\">Publicit\u00e9<\/a>  &#8211;  <a href=\"#capsules\">Capsules &amp; films d&rsquo;entreprise<\/a> &#8211; <a href=\"#tournage\">Tournage<\/a> &#8211; <a href=\"#montage\">Montage<\/a> <\/p>\n<\/div><\/div>\n<\/div><\/header>\n\n\n\n<section class=\"wp-block-uagb-section uagb-section__wrap uagb-section__background-color alignfull uagb-block-f1721d28-98a1-4e08-9217-55221740688c\"><div class=\"uagb-section__overlay\"><\/div><div class=\"uagb-section__inner-wrap\">\n<h2 class=\"has-very-dark-gray-color has-text-color has-text-align-center\" id=\"aftermovie\">After movie \/ Film souvenir<\/h2>\n\n\n\n<hr class=\"wp-block-separator\"\/>\n\n\n\n<section class=\"wp-block-uagb-columns uagb-columns__wrap uagb-columns__background-undefined uagb-columns__stack-mobile uagb-columns__valign-top uagb-columns__gap-10 alignfull uagb-block-d39cdad6-5bf1-4707-bcfd-188c6fb535c5\"><div class=\"uagb-columns__overlay\"><\/div><div class=\"uagb-columns__inner-wrap uagb-columns__columns-3\">\n<div class=\"wp-block-uagb-column uagb-column__wrap uagb-column__background-undefined uagb-block-2705ce03-f625-45f2-b20b-d0f889d78e9b\"><div class=\"uagb-column__overlay\"><\/div><div class=\"uagb-column__inner-wrap\">\n<h2 class=\"has-text-align-center\">La m\u00e9moire de votre \u00e9v\u00e9nement !<\/h2>\n\n\n\n<p>Pour vos \u00e9v\u00e9nements festifs, sportifs, conf\u00e9rences ou encore musicaux, le film souvenir type \u00ab\u00a0After Movie\u00a0\u00bb <strong>est le meilleur moyen de garder une trace qui rendra votre \u00e9v\u00e9nement inoubliable ! <\/strong>Votre public adorera se voir et se rem\u00e9morer ces instants ! Un bon moyen de communiquer et de <strong>p\u00e9renniser son public ! <\/strong><\/p>\n<\/div><\/div>\n\n\n\n<div class=\"wp-block-uagb-column uagb-column__wrap uagb-column__background-undefined uagb-block-a619a22c-31bb-422f-a616-fab2cf000ee1\"><div class=\"uagb-column__overlay\"><\/div><div class=\"uagb-column__inner-wrap\">\n<div class=\"wp-block-uagb-advanced-heading uagb-block-918da35f-9a9c-4317-90ba-2caf7079baeb\" id=\"uagb-adv-heading-f16a622f-9e0a-49a2-a6f6-15ccfb4a0429\"><h3 class=\"uagb-heading-text\">Quelques exemples<\/h3><div class=\"uagb-separator-wrap\"><div class=\"uagb-separator\"><\/div><\/div><p class=\"uagb-desc-text\"><\/p><\/div>\n\n\n\n\n\n\n\n<p><\/p>\n<\/div><\/div>\n\n\n\n<div class=\"wp-block-uagb-column uagb-column__wrap uagb-column__background-undefined uagb-block-331eae50-1733-4b31-a9ca-d0a2b0a1f7b2\"><div class=\"uagb-column__overlay\"><\/div><div class=\"uagb-column__inner-wrap\">\n<ul><li>Tournage sur place (minimum 2h)<\/li><li>1 cadreur et kit de tournage \u00ab\u00a0After movie\u00a0\u00bb comprenant un appareil r\u00e9flex vid\u00e9o (ou \u00e9quivalent), un pied, un micro d&rsquo;ambiance, cartes, batteries. <\/li><\/ul>\n\n\n\n<ul><li>Le montage d&rsquo;un film de 2 \u00e0 3 minutes avec de 1 \u00e0 3 sessions de retouches inclue.<\/li><\/ul>\n\n\n\n<div class=\"wp-block-button aligncenter is-style-outline\"><a class=\"wp-block-button__link\" href=\"http:\/\/lafilmequipe.be\/index.php\/contact\/\">Recevoir un devis !<\/a><\/div>\n\n\n\n<p class=\"has-text-align-right has-small-font-size\"><\/p>\n<\/div><\/div>\n<\/div><\/section>\n<\/div><\/section>\n\n\n\n<hr class=\"wp-block-separator is-style-wide\"\/>\n\n\n\n<section class=\"wp-block-uagb-section uagb-section__wrap uagb-section__background-color alignfull uagb-block-c21a3991-c0da-4316-ab05-a6da9b4c3029\"><div class=\"uagb-section__overlay\"><\/div><div class=\"uagb-section__inner-wrap\">\n<h2 class=\"has-text-align-center\" id=\"pubs\">Spots publicitaires<\/h2>\n\n\n\n<hr class=\"wp-block-separator\"\/>\n\n\n\n<section class=\"wp-block-uagb-columns uagb-columns__wrap uagb-columns__background-undefined uagb-columns__stack-mobile uagb-columns__valign-top uagb-columns__gap-10 alignfull uagb-block-aa2da928-9921-41eb-ba7c-e816ea614e91\"><div class=\"uagb-columns__overlay\"><\/div><div class=\"uagb-columns__inner-wrap uagb-columns__columns-3\">\n<div class=\"wp-block-uagb-column uagb-column__wrap uagb-column__background-undefined uagb-block-ec493269-b787-44a0-9a33-92c607ea8807\"><div class=\"uagb-column__overlay\"><\/div><div class=\"uagb-column__inner-wrap\">\n<div class=\"wp-block-uagb-advanced-heading uagb-block-007315b4-73b1-43fe-8b7b-1b58e3fc83c5\" id=\"uagb-adv-heading-28cdc7d5-72ef-4df5-a5ba-e0bf6c2cc185\"><h3 class=\"uagb-heading-text\">Quelques exemples<\/h3><div class=\"uagb-separator-wrap\"><div class=\"uagb-separator\"><\/div><\/div><p class=\"uagb-desc-text\"><\/p><\/div>\n\n\n\n\n<\/div><\/div>\n\n\n\n<div class=\"wp-block-uagb-column uagb-column__wrap uagb-column__background-undefined uagb-block-a14cb715-e7d4-41e8-8aa2-7675b072a0ef\"><div class=\"uagb-column__overlay\"><\/div><div class=\"uagb-column__inner-wrap\">\n<h2 class=\"has-text-align-center\">Communiquez vite et bien !<\/h2>\n\n\n\n<p>Quoi de mieux pour faire connaitre votre marque ou votre \u00e9v\u00e9nement qu&rsquo;un <strong>spot court et percutant <\/strong>? Que ce soit pour une diffusion en <strong>t\u00e9l\u00e9vision, au cin\u00e9ma ou pour votre campagne digitale,<\/strong> nous vous apporterons <strong>des solutions cr\u00e9atives<\/strong> qui r\u00e9pondront \u00e0 vos demandes et \u00e0 vos besoins ! <\/p>\n\n\n\n<p>D&rsquo;une dur\u00e9e de 10 \u00e0 40 secondes le spot publicitaire sera votre force pour communiquer vite et bien en vid\u00e9o.<\/p>\n<\/div><\/div>\n\n\n\n<div class=\"wp-block-uagb-column uagb-column__wrap uagb-column__background-undefined uagb-block-e77b3874-4cb1-4475-92cc-b0c3206e629a\"><div class=\"uagb-column__overlay\"><\/div><div class=\"uagb-column__inner-wrap\">\n<ul><li>Avec tournage, sur base d&rsquo;images fournies, ou en infographie\/motion design.<\/li><li>Proposition cr\u00e9ative et d\u00e9coupage par un r\u00e9alisateur.<\/li><li>\u00c9quipe technique et mat\u00e9riel professionnel<\/li><li>Service voix off (avec catalogue de com\u00e9diens).<\/li><li>Plusieurs formats possibles pour diffusion (Web, Envois HD-MAT, &#8230;)<\/li><\/ul>\n\n\n\n<div class=\"wp-block-button aligncenter is-style-outline\"><a class=\"wp-block-button__link\" href=\"http:\/\/lafilmequipe.be\/index.php\/contact\/\">Recevoir un devis !<\/a><\/div>\n\n\n\n<p class=\"has-text-align-right has-small-font-size\"><\/p>\n<\/div><\/div>\n<\/div><\/section>\n\n\n\n<hr class=\"wp-block-separator has-text-color has-background has-cyan-bluish-gray-background-color has-cyan-bluish-gray-color is-style-wide\"\/>\n<\/div><\/section>\n\n\n\n<section class=\"wp-block-uagb-section uagb-section__wrap uagb-section__background-color alignfull uagb-block-67ca06a6-4289-47e9-8047-6319eb469253\"><div class=\"uagb-section__overlay\"><\/div><div class=\"uagb-section__inner-wrap\">\n<h2 class=\"has-text-align-center\" id=\"capsules\">Capsules \/ Reportages \/ Films d&rsquo;entreprises<\/h2>\n\n\n\n<hr class=\"wp-block-separator\"\/>\n\n\n\n<section class=\"wp-block-uagb-columns uagb-columns__wrap uagb-columns__background-undefined uagb-columns__stack-mobile uagb-columns__valign-top uagb-columns__gap-10 alignfull uagb-block-b3964fec-b9c7-40ea-9fe0-a4afd104609f\"><div class=\"uagb-columns__overlay\"><\/div><div class=\"uagb-columns__inner-wrap uagb-columns__columns-3\">\n<div class=\"wp-block-uagb-column uagb-column__wrap uagb-column__background-undefined uagb-block-850d7f04-00f3-42cf-9417-66e2680be94c\"><div class=\"uagb-column__overlay\"><\/div><div class=\"uagb-column__inner-wrap\">\n<h2 class=\"has-text-align-center\">Et avec du contenu \u00e7a donne quoi ?<\/h2>\n\n\n\n<p>Parce que parfois <strong>vous avez des choses \u00e0 dire, \u00e0 expliquer, alors pensez aux formats plus longs<\/strong>, comme le film d&rsquo;entreprise ou le reportage de 5 \u00e0 12 minutes, qui vous permettront d&rsquo;expliquer les choses en profondeur !<strong> Vous voulez diffuser votre contenu sur les r\u00e9seaux ? <\/strong>Alors scindons-le ensemble en plusieurs petites <strong>capsules de 1 \u00e0 3 minutes<\/strong>, qui toucheront votre communaut\u00e9 ou vos clients de fa\u00e7on plus <strong>dynamique et r\u00e9guli\u00e8re.<\/strong><\/p>\n<\/div><\/div>\n\n\n\n<div class=\"wp-block-uagb-column uagb-column__wrap uagb-column__background-undefined uagb-block-24734de0-bb7e-4c84-b5d1-de858da5254c\"><div class=\"uagb-column__overlay\"><\/div><div class=\"uagb-column__inner-wrap\">\n<ul><li>Avec tournage : 1 cadreur et kit de tournage comprenant un appareil r\u00e9flex vid\u00e9o (ou \u00e9quivalent), un pied, un micro d&rsquo;ambiance, micro main sans fil, micro cravate sans fil cartes, batteries.<\/li><li>Proposition cr\u00e9ative, d\u00e9coupage et questions par un r\u00e9alisateur.<\/li><li>Possibilit\u00e9 de kit \u00e9clairage (pour interviews)<\/li><li>Service voix off (avec catalogue de com\u00e9diens).<\/li><li>Plusieurs formats possibles pour votre diffusion (Web, DVD, &#8230;) <\/li><\/ul>\n\n\n\n<p><\/p>\n<\/div><\/div>\n\n\n\n<div class=\"wp-block-uagb-column uagb-column__wrap uagb-column__background-undefined uagb-block-8fc98919-4d0d-4898-aa5b-1fc4625ad033\"><div class=\"uagb-column__overlay\"><\/div><div class=\"uagb-column__inner-wrap\">\n<div class=\"wp-block-uagb-advanced-heading uagb-block-c9663293-5315-4b28-8f9f-df93769b76f2\" id=\"uagb-adv-heading-dfb12bc7-401b-4a28-8ffc-457216f6913d\"><h3 class=\"uagb-heading-text\">Quelques exemples<\/h3><div class=\"uagb-separator-wrap\"><div class=\"uagb-separator\"><\/div><\/div><p class=\"uagb-desc-text\"><\/p><\/div>\n\n\n\n\n\n\n\n<div style=\"height:20px\" aria-hidden=\"true\" class=\"wp-block-spacer\"><\/div>\n\n\n\n<div class=\"wp-block-button aligncenter is-style-outline\"><a class=\"wp-block-button__link\" href=\"http:\/\/lafilmequipe.be\/index.php\/contact\/\">Recevoir un devis !<\/a><\/div>\n\n\n\n<p class=\"has-text-align-right has-small-font-size\"><\/p>\n<\/div><\/div>\n<\/div><\/section>\n\n\n\n<hr class=\"wp-block-separator has-text-color has-background has-cyan-bluish-gray-background-color has-cyan-bluish-gray-color is-style-wide\"\/>\n<\/div><\/section>\n\n\n\n<section class=\"wp-block-uagb-section uagb-section__wrap uagb-section__background-color alignwide uagb-block-3035dcfe-3716-47bd-9752-5acbb1543c7a\"><div class=\"uagb-section__overlay\"><\/div><div class=\"uagb-section__inner-wrap\">\n<h2 class=\"has-very-dark-gray-color has-text-color has-text-align-center\" id=\"tournage\">Tournage<\/h2>\n\n\n\n<hr class=\"wp-block-separator\"\/>\n\n\n\n<section class=\"wp-block-uagb-columns uagb-columns__wrap uagb-columns__background-undefined uagb-columns__stack-mobile uagb-columns__valign-top uagb-columns__gap-10 alignfull uagb-block-b6bfc021-8629-4144-9e37-87e7cdc1f1d3\"><div class=\"uagb-columns__overlay\"><\/div><div class=\"uagb-columns__inner-wrap uagb-columns__columns-3\">\n<div class=\"wp-block-uagb-column uagb-column__wrap uagb-column__background-undefined uagb-block-bedde1f5-ff5a-43c0-bf88-7f239bea2f79\"><div class=\"uagb-column__overlay\"><\/div><div class=\"uagb-column__inner-wrap\">\n<h2 class=\"has-text-align-center\">Besoin d&rsquo;un cadreur avec ou sans mat\u00e9riel ? Nous sommes l\u00e0 !<\/h2>\n\n\n\n<p>Que vous soyez un m\u00e9dia, ou que vous ayez au sein de votre \u00e9quipe une personne comp\u00e9tente en montage\/infographie, vous \u00eates peut-\u00eatre <strong>\u00e0 la recherche d&rsquo;un cadreur \u00ab\u00a0pigiste\u00a0\u00bb&lsquo; comp\u00e9tent pour tourner les images de votre production.<\/strong> \u00c7a tombe bien <strong>La Film \u00e9quipe compte 2 cadreurs dans son effectif !<\/strong><\/p>\n\n\n\n<p>Et si vous ne disposez pas du mat\u00e9riel de tournage, pas d&rsquo;inqui\u00e9tude, nous sommes \u00e9quip\u00e9s.<\/p>\n<\/div><\/div>\n\n\n\n<div class=\"wp-block-uagb-column uagb-column__wrap uagb-column__background-undefined uagb-block-d5558129-06e1-4dfc-a9ac-000d06714efd\"><div class=\"uagb-column__overlay\"><\/div><div class=\"uagb-column__inner-wrap\">\n<div class=\"wp-block-uagb-advanced-heading uagb-block-d86daae8-7827-4290-9afa-a722f1f431db\" id=\"uagb-adv-heading-5ef0dae4-3781-405f-8f48-076e63dd8376\"><h3 class=\"uagb-heading-text\">Quelques exemples<\/h3><div class=\"uagb-separator-wrap\"><div class=\"uagb-separator\"><\/div><\/div><p class=\"uagb-desc-text\"><\/p><\/div>\n\n\n\n\n\n\n\n<p><\/p>\n<\/div><\/div>\n\n\n\n<div class=\"wp-block-uagb-column uagb-column__wrap uagb-column__background-undefined uagb-block-f4b78e93-3334-4070-b1e4-1ac5d79a1e33\"><div class=\"uagb-column__overlay\"><\/div><div class=\"uagb-column__inner-wrap\">\n<ul><li>Tournage sur place (minimum 2h)<\/li><li>1 cadreur avec ou sans mat\u00e9riel <\/li><li>Kit de tournage comprenant un appareil r\u00e9flex vid\u00e9o (ou \u00e9quivalent), un pied, un micro d&rsquo;ambiance, micro main sans fil, micro cravate sans fil cartes, batteries.<\/li><li>Stabilisateur DJI RONIN MX (sur demande)<\/li><li>Possibilit\u00e9 d&rsquo;avoir 2 cadreurs et 2 kits de tournage (multi-cam\u00e9ra simple)<\/li><\/ul>\n\n\n\n<div class=\"wp-block-button aligncenter is-style-outline\"><a class=\"wp-block-button__link\" href=\"http:\/\/lafilmequipe.be\/index.php\/contact\/\">Recevoir un devis !<\/a><\/div>\n\n\n\n<p class=\"has-text-align-right has-small-font-size\"><\/p>\n<\/div><\/div>\n<\/div><\/section>\n<\/div><\/section>\n\n\n\n<section class=\"wp-block-uagb-section uagb-section__wrap uagb-section__background-color alignfull uagb-block-775e0188-e779-4960-a186-6e8ee2c940ec\"><div class=\"uagb-section__overlay\"><\/div><div class=\"uagb-section__inner-wrap\">\n<h2 class=\"has-very-dark-gray-color has-text-color has-text-align-center\" id=\"montage\">Montage<\/h2>\n\n\n\n<hr class=\"wp-block-separator\"\/>\n\n\n\n<section class=\"wp-block-uagb-columns uagb-columns__wrap uagb-columns__background-undefined uagb-columns__stack-mobile uagb-columns__valign-top uagb-columns__gap-10 alignfull uagb-block-d8af8244-0d71-481e-9cb1-87de67be96c4\"><div class=\"uagb-columns__overlay\"><\/div><div class=\"uagb-columns__inner-wrap uagb-columns__columns-3\">\n<div class=\"wp-block-uagb-column uagb-column__wrap uagb-column__background-undefined uagb-block-ef3a7eb7-07a5-46fd-b2bf-f4debe0fcb6d\"><div class=\"uagb-column__overlay\"><\/div><div class=\"uagb-column__inner-wrap\">\n<div class=\"wp-block-uagb-advanced-heading uagb-block-90949509-f730-4e35-9d26-2ae1306db4cd\" id=\"uagb-adv-heading-7c9df8c9-1be1-4d53-ae63-1053b6a6aad0\"><h3 class=\"uagb-heading-text\">Quelques exemples<\/h3><div class=\"uagb-separator-wrap\"><div class=\"uagb-separator\"><\/div><\/div><p class=\"uagb-desc-text\"><\/p><\/div>\n\n\n\n\n<\/div><\/div>\n\n\n\n<div class=\"wp-block-uagb-column uagb-column__wrap uagb-column__background-undefined uagb-block-88ec0c09-53fd-44d2-a49d-5f405821ed42\"><div class=\"uagb-column__overlay\"><\/div><div class=\"uagb-column__inner-wrap\">\n<h2 class=\"has-text-align-center\">Vous avez des images mais vous ne savez pas monter ?<\/h2>\n\n\n\n<p>Pas de stress ! Nous pouvons les monter pour vous. N<strong>ous effectuerons le montage en suivant votre sc\u00e9nario ou vos recommandations. <\/strong>Nous pouvons \u00e9galement <strong>r\u00e9aliser des animations en motion design, ou effectuer des travaux de sous-titrage. <\/strong><\/p>\n\n\n\n<p><\/p>\n<\/div><\/div>\n\n\n\n<div class=\"wp-block-uagb-column uagb-column__wrap uagb-column__background-undefined uagb-block-0f07dd57-d9f2-425b-acee-0481a885b5f4\"><div class=\"uagb-column__overlay\"><\/div><div class=\"uagb-column__inner-wrap\">\n<ul><li>Station de montage et logiciels professionnels.<\/li><li>Syst\u00e8me de transfert d&rsquo;image simple<\/li><li>Possibilit\u00e9 d&rsquo;infographie ou sous-titrage<\/li><li>Sessions de retouches<\/li><\/ul>\n\n\n\n<div class=\"wp-block-button aligncenter is-style-outline\"><a class=\"wp-block-button__link\" href=\"http:\/\/lafilmequipe.be\/index.php\/contact\/\">Recevoir un devis !<\/a><\/div>\n\n\n\n<p class=\"has-text-align-right has-small-font-size\"><\/p>\n<\/div><\/div>\n<\/div><\/section>\n<\/div><\/section>\n\n\n\n<h2 class=\"has-text-align-center\">Mais aussi &#8230;<\/h2>\n\n\n\n<section class=\"wp-block-uagb-columns uagb-columns__wrap uagb-columns__background-undefined uagb-columns__stack-mobile uagb-columns__valign-undefined uagb-columns__gap-10 alignfull uagb-block-d8782bdb-3602-43c0-8d7c-281a486093a0\"><div class=\"uagb-columns__overlay\"><\/div><div class=\"uagb-columns__inner-wrap uagb-columns__columns-3\">\n<div class=\"wp-block-uagb-column uagb-column__wrap uagb-column__background-undefined uagb-block-7c4d34a5-307f-46e6-80ba-a88c767547bb\"><div class=\"uagb-column__overlay\"><\/div><div class=\"uagb-column__inner-wrap\">\n<div class=\"wp-block-cover has-background-dim\" style=\"background-image:url(http:\/\/lafilmequipe.be\/wp-content\/uploads\/2020\/01\/81651334_2605892879689420_669368780475858944_n.jpg)\"><div class=\"wp-block-cover__inner-container\">\n<p class=\"has-text-align-center has-large-font-size\">Kit fond vert + \u00e9clairage<\/p>\n<\/div><\/div>\n<\/div><\/div>\n\n\n\n<div class=\"wp-block-uagb-column uagb-column__wrap uagb-column__background-undefined uagb-block-f1e2c7ce-4818-4cff-91c4-eb3a51932bb2\"><div class=\"uagb-column__overlay\"><\/div><div class=\"uagb-column__inner-wrap\">\n<div class=\"wp-block-cover has-background-dim\" style=\"background-image:url(http:\/\/lafilmequipe.be\/wp-content\/uploads\/2019\/11\/20180105_162227-rotated-e1573839498720.jpg);background-position:14.470057333669356% 56.84211240177266%\"><div class=\"wp-block-cover__inner-container\">\n<p class=\"has-text-align-center has-large-font-size\">Kit Prompteur<\/p>\n<\/div><\/div>\n<\/div><\/div>\n\n\n\n<div class=\"wp-block-uagb-column uagb-column__wrap uagb-column__background-undefined uagb-block-417759dc-68a6-4840-9584-2bda64c9dad3\"><div class=\"uagb-column__overlay\"><\/div><div class=\"uagb-column__inner-wrap\">\n<div class=\"wp-block-cover has-background-dim has-background-dim-NaN\" style=\"background-image:url(http:\/\/lafilmequipe.be\/wp-content\/uploads\/slider8\/20180602_201416-scaled.jpeg)\"><div class=\"wp-block-cover__inner-container\">\n<p class=\"has-text-align-center has-large-font-size\">Stabilisateur DJI RONIN MX<\/p>\n<\/div><\/div>\n<\/div><\/div>\n<\/div><\/section>\n\n\n\n<div class=\"uagb-cta__outer-wrap uagb-block-21b90750-6db2-4fc8-9042-bebf9fb163bb\"><div class=\"uagb-cta__content-wrap uagb-cta__block uagb-cta__icon-position-below-title \"><div class=\"uagb-cta__left-right-wrap\"><div class=\"uagb-cta__content\"><div class=\"uagb-cta__title-wrap\"><h3 class=\"uagb-cta__title\">Pour plus d&rsquo;informations<\/h3><\/div><div class=\"uagb-cta__link-wrapper uagb-cta__block-link-style\"><div class=\"uagb-cta__button-wrapper\"><a href=\"#\" class=\"uagb-cta__block-link uagb-cta__button-link-wrapper uagb-cta-typeof-button\" target=\"_self\" rel=\"noopener noreferrer\"><span class=\"uagb-cta__link-content-inner\"><span>Contactez-nous !<\/span><\/span><\/a><\/div><\/div><\/div><\/div><\/div><\/div>\n","protected":false},"excerpt":{"rendered":"<p>Mais aussi &#8230;<\/p>\n","protected":false},"author":1,"featured_media":0,"parent":644,"menu_order":0,"comment_status":"closed","ping_status":"closed","template":"","meta":{"spay_email":""},"yoast_head":"<!-- This site is optimized with the Yoast SEO plugin v16.1.1 - https:\/\/yoast.com\/wordpress\/plugins\/seo\/ -->\n<title>La Film \u00c9quipe - Production de vid\u00e9os After Movie, capsules, publicit\u00e9s, ...<\/title>\n<meta name=\"description\" content=\"La Film Equipe r\u00e9pond \u00e0 vos besoin de vid\u00e9os en Wallonie et \u00e0 Bruxelles. Tournage, montage, production, captation etc. pour soci\u00e9t\u00e9s, ASBL et m\u00e9dias.\" \/>\n<link rel=\"canonical\" href=\"http:\/\/lafilmequipe.be\/index.php\/services-2\/production-de-videos\/\" \/>\n<meta property=\"og:locale\" content=\"fr_FR\" \/>\n<meta property=\"og:type\" content=\"article\" \/>\n<meta property=\"og:title\" content=\"La Film \u00c9quipe - Production de vid\u00e9os After Movie, capsules, publicit\u00e9s, ...\" \/>\n<meta property=\"og:description\" content=\"La Film Equipe r\u00e9pond \u00e0 vos besoin de vid\u00e9os en Wallonie et \u00e0 Bruxelles. Tournage, montage, production, captation etc. pour soci\u00e9t\u00e9s, ASBL et m\u00e9dias.\" \/>\n<meta property=\"og:url\" content=\"http:\/\/lafilmequipe.be\/index.php\/services-2\/production-de-videos\/\" \/>\n<meta property=\"og:site_name\" content=\"La Film \u00c9quipe\" \/>\n<meta property=\"article:modified_time\" content=\"2020-01-27T15:32:10+00:00\" \/>\n<meta name=\"twitter:card\" content=\"summary_large_image\" \/>\n<meta name=\"twitter:label1\" content=\"Dur\u00e9e de lecture est.\">\n\t<meta name=\"twitter:data1\" content=\"3 minutes\">\n<script type=\"application\/ld+json\" class=\"yoast-schema-graph\">{\"@context\":\"https:\/\/schema.org\",\"@graph\":[{\"@type\":\"WebSite\",\"@id\":\"http:\/\/lafilmequipe.be\/#website\",\"url\":\"http:\/\/lafilmequipe.be\/\",\"name\":\"La Film \\u00c9quipe\",\"description\":\"Production de vid\\u00e9os, films, et captations multi-cam\\u00e9ras\",\"potentialAction\":[{\"@type\":\"SearchAction\",\"target\":\"http:\/\/lafilmequipe.be\/?s={search_term_string}\",\"query-input\":\"required name=search_term_string\"}],\"inLanguage\":\"fr-FR\"},{\"@type\":\"WebPage\",\"@id\":\"http:\/\/lafilmequipe.be\/index.php\/services-2\/production-de-videos\/#webpage\",\"url\":\"http:\/\/lafilmequipe.be\/index.php\/services-2\/production-de-videos\/\",\"name\":\"La Film \\u00c9quipe - Production de vid\\u00e9os After Movie, capsules, publicit\\u00e9s, ...\",\"isPartOf\":{\"@id\":\"http:\/\/lafilmequipe.be\/#website\"},\"datePublished\":\"2019-11-02T19:35:44+00:00\",\"dateModified\":\"2020-01-27T15:32:10+00:00\",\"description\":\"La Film Equipe r\\u00e9pond \\u00e0 vos besoin de vid\\u00e9os en Wallonie et \\u00e0 Bruxelles. Tournage, montage, production, captation etc. pour soci\\u00e9t\\u00e9s, ASBL et m\\u00e9dias.\",\"breadcrumb\":{\"@id\":\"http:\/\/lafilmequipe.be\/index.php\/services-2\/production-de-videos\/#breadcrumb\"},\"inLanguage\":\"fr-FR\",\"potentialAction\":[{\"@type\":\"ReadAction\",\"target\":[\"http:\/\/lafilmequipe.be\/index.php\/services-2\/production-de-videos\/\"]}]},{\"@type\":\"BreadcrumbList\",\"@id\":\"http:\/\/lafilmequipe.be\/index.php\/services-2\/production-de-videos\/#breadcrumb\",\"itemListElement\":[{\"@type\":\"ListItem\",\"position\":1,\"item\":{\"@type\":\"WebPage\",\"@id\":\"http:\/\/lafilmequipe.be\/\",\"url\":\"http:\/\/lafilmequipe.be\/\",\"name\":\"Accueil\"}},{\"@type\":\"ListItem\",\"position\":2,\"item\":{\"@type\":\"WebPage\",\"@id\":\"https:\/\/lafilmequipe.be\/index.php\/services-2\/\",\"url\":\"https:\/\/lafilmequipe.be\/index.php\/services-2\/\",\"name\":\"Services\"}},{\"@type\":\"ListItem\",\"position\":3,\"item\":{\"@type\":\"WebPage\",\"@id\":\"http:\/\/lafilmequipe.be\/index.php\/services-2\/production-de-videos\/\",\"url\":\"http:\/\/lafilmequipe.be\/index.php\/services-2\/production-de-videos\/\",\"name\":\"Production de vid\\u00e9os\"}}]}]}<\/script>\n<!-- \/ Yoast SEO plugin. -->","uagb_featured_image_src":{"full":false,"thumbnail":false,"medium":false,"medium_large":false,"large":false,"1536x1536":false,"2048x2048":false},"uagb_author_info":{"display_name":"admin1822","author_link":"https:\/\/lafilmequipe.be\/index.php\/author\/admin1822\/"},"uagb_comment_info":0,"uagb_excerpt":"Mais aussi &#8230;","jetpack_sharing_enabled":true,"_links":{"self":[{"href":"https:\/\/lafilmequipe.be\/index.php\/wp-json\/wp\/v2\/pages\/655"}],"collection":[{"href":"https:\/\/lafilmequipe.be\/index.php\/wp-json\/wp\/v2\/pages"}],"about":[{"href":"https:\/\/lafilmequipe.be\/index.php\/wp-json\/wp\/v2\/types\/page"}],"author":[{"embeddable":true,"href":"https:\/\/lafilmequipe.be\/index.php\/wp-json\/wp\/v2\/users\/1"}],"replies":[{"embeddable":true,"href":"https:\/\/lafilmequipe.be\/index.php\/wp-json\/wp\/v2\/comments?post=655"}],"version-history":[{"count":113,"href":"https:\/\/lafilmequipe.be\/index.php\/wp-json\/wp\/v2\/pages\/655\/revisions"}],"predecessor-version":[{"id":1453,"href":"https:\/\/lafilmequipe.be\/index.php\/wp-json\/wp\/v2\/pages\/655\/revisions\/1453"}],"up":[{"embeddable":true,"href":"https:\/\/lafilmequipe.be\/index.php\/wp-json\/wp\/v2\/pages\/644"}],"wp:attachment":[{"href":"https:\/\/lafilmequipe.be\/index.php\/wp-json\/wp\/v2\/media?parent=655"}],"curies":[{"name":"wp","href":"https:\/\/api.w.org\/{rel}","templated":true}]}}