{"id":657,"date":"2019-11-02T20:35:44","date_gmt":"2019-11-02T19:35:44","guid":{"rendered":"http:\/\/lafilmequipe.be\/?page_id=657"},"modified":"2020-03-16T01:24:22","modified_gmt":"2020-03-16T00:24:22","slug":"captations-live-multi-cameras","status":"publish","type":"page","link":"https:\/\/lafilmequipe.be\/index.php\/services-2\/captations-live-multi-cameras\/","title":{"rendered":"Captations \/ Live multi-cam\u00e9ras"},"content":{"rendered":"\n<section class=\"wp-block-uagb-section uagb-section__wrap uagb-section__background-undefined uagb-block-0080be6d-a2f7-44e8-990b-70b775871921\"><div class=\"uagb-section__overlay\"><\/div><div class=\"uagb-section__inner-wrap\">\n<figure class=\"wp-block-video alignfull\"><video autoplay loop muted src=\"http:\/\/lafilmequipe.be\/wp-content\/uploads\/2019\/11\/LFE-CAPTA-TEASER-V3.mp4\" playsinline><\/video><\/figure>\n\n\n\n<p><\/p>\n<\/div><\/section>\n\n\n\n<p class=\"has-text-align-center has-large-font-size\">Captations &#8211; Multi-cam\u00e9ras &#8211; Live Streaming<\/p>\n\n\n\n<section class=\"wp-block-uagb-section uagb-section__wrap uagb-section__background-color alignfull uagb-block-dad2ec19-cbac-4e87-9b06-278c75bf0c09\"><div class=\"uagb-section__overlay\"><\/div><div class=\"uagb-section__inner-wrap\">\n<section class=\"wp-block-uagb-columns uagb-columns__wrap uagb-columns__background-undefined uagb-columns__stack-mobile uagb-columns__valign-undefined uagb-columns__gap-10 alignundefined uagb-block-1519edfe-f6ae-427a-ab3a-c850a913b99f\"><div class=\"uagb-columns__overlay\"><\/div><div class=\"uagb-columns__inner-wrap uagb-columns__columns-2\">\n<div class=\"wp-block-uagb-column uagb-column__wrap uagb-column__background-none uagb-block-ea0f6513-d9b7-49a3-bdf0-0e9e63765c98\"><div class=\"uagb-column__overlay\"><\/div><div class=\"uagb-column__inner-wrap\">\n<div class=\"uagb-infobox__outer-wrap uagb-block-dfcb7576-f3a1-4ea5-a057-d65a8451d42d\"><div class=\"uagb-infobox__content-wrap uagb-infobox uagb-infobox-has-image uagb-infobox-icon-below-title uagb-infobox-image-valign-middle uagb-infobox-enable-border-radius \"><div class=\"uagb-ifb-left-right-wrap\"><div class=\"uagb-ifb-content\"><div class=\"uagb-ifb-title-wrap\"><h3 class=\"uagb-ifb-title\">Pour qui ?<\/h3><\/div><div class=\"uagb-ifb-separator-parent\"><div class=\"uagb-ifb-separator\"><\/div><\/div><div class=\"uagb-ifb-text-wrap\"><p class=\"uagb-ifb-desc\"><strong>Vous organisez une conf\u00e9rence ou une remise de prix ? Un concert ou encore une rencontre sportive ?<\/strong> Alors permettez \u00e0 votre public de tout voir comme s&rsquo;il \u00e9tait au premier rang, ou diffusez sur internet en streaming pour ouvrir \u00e0 une audience beaucoup plus large !<br><\/p><\/div><\/div><\/div><\/div><\/div>\n\n\n\n<ul><li>Organisateur \u00e9v\u00e9nement, concert, projection, &#8230;<\/li><li>Club sportif, course, rallye, &#8230;<\/li><li>Salle de concert, festival, &#8230;<\/li><li>Conf\u00e9rences, anniversaire entreprise, &#8230;<\/li><li>Administrations<\/li><li>Sous-traitance pour les t\u00e9l\u00e9visions<\/li><li>&#8230;<\/li><\/ul>\n<\/div><\/div>\n\n\n\n<div class=\"wp-block-uagb-column uagb-column__wrap uagb-column__background-none uagb-block-a7e7f936-50a3-403b-a619-d6d75f5ea346\"><div class=\"uagb-column__overlay\"><\/div><div class=\"uagb-column__inner-wrap\">\n<div class=\"uagb-infobox__outer-wrap uagb-block-4a461781-071b-49d1-868d-c6e9acb5fa08\"><div class=\"uagb-infobox__content-wrap uagb-infobox uagb-infobox-has-image uagb-infobox-icon-above-title uagb-infobox-image-valign-top uagb-infobox-enable-border-radius \"><div class=\"uagb-ifb-left-right-wrap\"><div class=\"uagb-ifb-content\"><div class=\"uagb-ifb-title-wrap\"><h3 class=\"uagb-ifb-title\">Pourquoi ?<\/h3><\/div><div class=\"uagb-ifb-separator-parent\"><div class=\"uagb-ifb-separator\"><\/div><\/div><div class=\"uagb-ifb-text-wrap\"><p class=\"uagb-ifb-desc\">Vous pouvez soit diffuser sur des <strong>\u00e9crans g\u00e9ants <\/strong>ou \u00e0 l\u2019ext\u00e9rieur de votre salle pour de grands \u00e9v\u00e9nements sportifs, culturel, B2B, etc. Mais l\u2019int\u00e9r\u00eat pour vous peut \u00eatre de <strong>diffuser en streaming<\/strong> sur facebook, Youtube, Twitch, \u2026 et ainsi ouvrir votre contenu au grand public ou \u00e0 votre communaut\u00e9. La captation et la diffusion sont toujours assorties d&rsquo;un <strong>enregistrement ce qui vous permet de garder une trace<\/strong> de votre \u00e9v\u00e9nement, de votre c\u00e9r\u00e9monie, ou de votre rencontre sportive.<\/p><\/div><\/div><\/div><\/div><\/div>\n\n\n\n<ul><li><span style=\"color:#313131\" class=\"tadv-color\">\u00c9crans g\u00e9ant, projections, t\u00e9l\u00e9vision ext\u00e9rieures salle,\u2026<\/span><\/li><li><span style=\"color:#313131\" class=\"tadv-color\">Rencontre sportive, &#8230;<\/span><span style=\"color:#313131\" class=\"tadv-color\"><\/span><\/li><li><span style=\"color:#313131\" class=\"tadv-color\">Concerts, festivals de musique, th\u00e9\u00e2tre, &#8230;<\/span><span style=\"color:#313131\" class=\"tadv-color\"><\/span><\/li><li><span style=\"color:#313131\" class=\"tadv-color\">Conf\u00e9rences, Conseils communaux, &#8230;<\/span><\/li><li><span style=\"color:#313131\" class=\"tadv-color\">Sous-traitance pour les t\u00e9l\u00e9visions<\/span><\/li><li><span style=\"color:#313131\" class=\"tadv-color\">&#8230;<\/span><\/li><\/ul>\n<\/div><\/div>\n<\/div><\/section>\n<\/div><\/section>\n\n\n\n<section class=\"wp-block-uagb-section uagb-section__wrap uagb-section__background-undefined alignfull uagb-block-e0ee399c-0eb7-46eb-b033-f23971a29746\"><div class=\"uagb-section__overlay\"><\/div><div class=\"uagb-section__inner-wrap\">\n\n<\/div><\/section>\n\n\n\n<section class=\"wp-block-uagb-section uagb-section__wrap uagb-section__background-color alignfull uagb-block-fd7caad2-beb0-494b-b914-6ce2c9b46318\"><div class=\"uagb-section__overlay\"><\/div><div class=\"uagb-section__inner-wrap\">\n<h2 class=\"has-text-align-center\">Comment \u00e7a se passe ?<\/h2>\n\n\n\n<section class=\"wp-block-uagb-columns uagb-columns__wrap uagb-columns__background-undefined uagb-columns__stack-mobile uagb-columns__valign-undefined uagb-columns__gap-10 alignundefined uagb-block-825c5b8c-6b8e-4173-94ff-d7d756786c78\"><div class=\"uagb-columns__overlay\"><\/div><div class=\"uagb-columns__inner-wrap uagb-columns__columns-2\">\n<div class=\"wp-block-uagb-column uagb-column__wrap uagb-column__background-undefined uagb-block-7a1c21d0-f7e8-47ef-882f-9a21f170479a\"><div class=\"uagb-column__overlay\"><\/div><div class=\"uagb-column__inner-wrap\">\n<h4>Nous pouvons vous founir :<\/h4>\n\n\n\n<ul><li>Une r\u00e9gie mobile (Blackmagic ATEM Broadcast) avec moniteurs, Enregistreurs HD Hyperdeck Studio mini (+ cartes), Waveform vectorscope, Monitoring audio, Encodeur live streaming, divers c\u00e2bles et convertisseurs.<\/li><li>Diverses possibilit\u00e9s de cam\u00e9ras (robotis\u00e9es ou avec cadreurs).<\/li><li>Multiples possibilit\u00e9s de micros et traitements du son en fonction de vos besoins (prise d&rsquo;ambiance, concert, mini-studio t\u00e9l\u00e9, &#8230;).<\/li><li>Une machine (mac ou pc) pour diffuser des s\u00e9quences ou vos powerpoints.<\/li><li>Une machine ralentis.<\/li><li>Possibilit\u00e9 de g\u00e9n\u00e9rateur de caract\u00e8res \u00ab\u00a0CasparCG\u00a0\u00bb pour ajouter des infographies, des panneaux, ou le sous-titrage des noms et fonctions des intervenants.  <\/li><\/ul>\n<\/div><\/div>\n\n\n\n<div class=\"wp-block-uagb-column uagb-column__wrap uagb-column__background-undefined uagb-block-269f3902-b238-46d5-b126-de4a7e80366e\"><div class=\"uagb-column__overlay\"><\/div><div class=\"uagb-column__inner-wrap\">\n<h4>Notre \u00e9quipe technique s&rsquo;occuper de vos captations en fonction de vos demandes nous pouvons vous fournir :<\/h4>\n\n\n\n<ul><li>Un r\u00e9alisateur<\/li><li>Un responsable d&rsquo;implantation technique<\/li><li>Un technicien pour les cam\u00e9ras robotis\u00e9es<\/li><li>Un ing\u00e9nieur du son<\/li><li>Un r\u00e9gisseur<\/li><li>Un directeur photo \/ responsable de vision<\/li><li>Des cadreurs et assistants cam\u00e9ras<\/li><li>Un infographiste CG<\/li><li>Un op\u00e9rateur ralenti<\/li><\/ul>\n<\/div><\/div>\n<\/div><\/section>\n<\/div><\/section>\n\n\n\n<div class=\"uagb-cta__outer-wrap uagb-block-7e468353-d250-4009-a3d4-b517888f8239\"><div class=\"uagb-cta__content-wrap uagb-cta__block uagb-cta__icon-position-below-title \"><div class=\"uagb-cta__left-right-wrap\"><div class=\"uagb-cta__content\"><div class=\"uagb-cta__title-wrap\"><h2 class=\"uagb-cta__title\">Faites nous part de votre projet !<\/h2><\/div><div class=\"uagb-cta-text-wrap\"><p class=\"uagb-cta__desc\">Nous ferons un maximum pour trouver avec vous les solutions qui correspondent \u00e0 vos demandes et \u00e0 votre budget ! <\/p><\/div><div class=\"uagb-cta__link-wrapper uagb-cta__block-link-style\"><div class=\"uagb-cta__button-wrapper\"><a href=\"http:\/\/lafilmequipe.be\/index.php\/contact\/\" class=\"uagb-cta__block-link uagb-cta__button-link-wrapper uagb-cta-typeof-button\" target=\"_self\" rel=\"noopener noreferrer\"><span class=\"uagb-cta__link-content-inner\"><span>Contactez-nous !<\/span><\/span><\/a><\/div><\/div><\/div><\/div><\/div><\/div>\n\n\n\n<section class=\"wp-block-uagb-section uagb-section__wrap uagb-section__background-color alignfull uagb-block-5d67a27d-7f38-47f4-a499-3efb5f2592be\"><div class=\"uagb-section__overlay\"><\/div><div class=\"uagb-section__inner-wrap\">\n<h3 class=\"has-text-align-center\">Quelques une de nos r\u00e9alisations ou sous-traitances techniques multi-cam\u00e9ras<\/h3>\n\n\n\n<section class=\"wp-block-uagb-columns uagb-columns__wrap uagb-columns__background-undefined uagb-columns__stack-mobile uagb-columns__valign-undefined uagb-columns__gap-10 alignundefined uagb-block-0c12a026-7190-4cda-9698-2ae9d0e1e371\"><div class=\"uagb-columns__overlay\"><\/div><div class=\"uagb-columns__inner-wrap uagb-columns__columns-2\">\n<div class=\"wp-block-uagb-column uagb-column__wrap uagb-column__background-undefined uagb-block-426cad8c-ba37-41e7-a0ae-75ef46dd70ef\"><div class=\"uagb-column__overlay\"><\/div><div class=\"uagb-column__inner-wrap\">\n<iframe loading=\"lazy\" src=\"https:\/\/www.tvcom.be\/playerjs\/embed.php?id=24832\" allowfullscreen=\"\" width=\"560\" height=\"315\" frameborder=\"0\"><\/iframe>\n\n\n\n<iframe loading=\"lazy\" src=\"https:\/\/www.tvcom.be\/playerjs\/embed.php?id=22238\" allowfullscreen=\"\" width=\"560\" height=\"315\" frameborder=\"0\"><\/iframe>\n\n\n\n<iframe loading=\"lazy\" src=\"https:\/\/www.tvcom.be\/playerjs\/embed.php?id=24548\" allowfullscreen=\"\" width=\"560\" height=\"315\" frameborder=\"0\"><\/iframe>\n\n\n\n<iframe loading=\"lazy\" src=\"https:\/\/www.tvcom.be\/playerjs\/embed.php?id=24146\" allowfullscreen=\"\" width=\"560\" height=\"315\" frameborder=\"0\"><\/iframe>\n<\/div><\/div>\n\n\n\n<div class=\"wp-block-uagb-column uagb-column__wrap uagb-column__background-undefined uagb-block-b75c7aa6-e275-4c6d-85fd-d96182a97b48\"><div class=\"uagb-column__overlay\"><\/div><div class=\"uagb-column__inner-wrap\">\n<iframe loading=\"lazy\" src=\"https:\/\/www.tvcom.be\/playerjs\/embed.php?id=22006\" allowfullscreen=\"\" width=\"560\" height=\"315\" frameborder=\"0\"><\/iframe>\n\n\n\n<iframe loading=\"lazy\" src=\"https:\/\/www.youtube-nocookie.com\/embed\/hGFvT1WmB4o?controls=0\" allow=\"accelerometer; autoplay; encrypted-media; gyroscope; picture-in-picture\" allowfullscreen=\"\" width=\"560\" height=\"315\" frameborder=\"0\"><\/iframe>\n\n\n\n<iframe loading=\"lazy\" src=\"https:\/\/www.dailymotion.com\/embed\/video\/x6vtpab\" allowfullscreen=\"\" allow=\"autoplay\" width=\"560\" height=\"315\" frameborder=\"0\"><\/iframe>\n\n\n\n<iframe loading=\"lazy\" src=\"https:\/\/www.facebook.com\/plugins\/video.php?href=https%3A%2F%2Fwww.facebook.com%2Fairspace.Proflyers%2Fvideos%2F574729596274283%2F&#038;show_text=0&#038;width=560\" width=\"560\" height=\"315\" style=\"border:none;overflow:hidden\" scrolling=\"no\" frameborder=\"0\" allowTransparency=\"true\" allowFullScreen=\"true\"><\/iframe>\n<\/div><\/div>\n<\/div><\/section>\n<\/div><\/section>\n","protected":false},"excerpt":{"rendered":"<p>Captations &#8211; Multi-cam\u00e9ras &#8211; Live Streaming<\/p>\n","protected":false},"author":1,"featured_media":0,"parent":644,"menu_order":0,"comment_status":"closed","ping_status":"closed","template":"","meta":{"spay_email":""},"yoast_head":"<!-- This site is optimized with the Yoast SEO plugin v16.1.1 - https:\/\/yoast.com\/wordpress\/plugins\/seo\/ -->\n<title>Captations \/ Live multi-cam\u00e9ras - La Film \u00c9quipe<\/title>\n<link rel=\"canonical\" href=\"https:\/\/lafilmequipe.be\/index.php\/services-2\/captations-live-multi-cameras\/\" \/>\n<meta property=\"og:locale\" content=\"fr_FR\" \/>\n<meta property=\"og:type\" content=\"article\" \/>\n<meta property=\"og:title\" content=\"Captations \/ Live multi-cam\u00e9ras - La Film \u00c9quipe\" \/>\n<meta property=\"og:description\" content=\"Captations &#8211; Multi-cam\u00e9ras &#8211; Live Streaming\" \/>\n<meta property=\"og:url\" content=\"https:\/\/lafilmequipe.be\/index.php\/services-2\/captations-live-multi-cameras\/\" \/>\n<meta property=\"og:site_name\" content=\"La Film \u00c9quipe\" \/>\n<meta property=\"article:modified_time\" content=\"2020-03-16T00:24:22+00:00\" \/>\n<meta name=\"twitter:card\" content=\"summary_large_image\" \/>\n<meta name=\"twitter:label1\" content=\"Dur\u00e9e de lecture est.\">\n\t<meta name=\"twitter:data1\" content=\"2 minutes\">\n<script type=\"application\/ld+json\" class=\"yoast-schema-graph\">{\"@context\":\"https:\/\/schema.org\",\"@graph\":[{\"@type\":\"WebSite\",\"@id\":\"http:\/\/lafilmequipe.be\/#website\",\"url\":\"http:\/\/lafilmequipe.be\/\",\"name\":\"La Film \\u00c9quipe\",\"description\":\"Production de vid\\u00e9os, films, et captations multi-cam\\u00e9ras\",\"potentialAction\":[{\"@type\":\"SearchAction\",\"target\":\"http:\/\/lafilmequipe.be\/?s={search_term_string}\",\"query-input\":\"required name=search_term_string\"}],\"inLanguage\":\"fr-FR\"},{\"@type\":\"WebPage\",\"@id\":\"https:\/\/lafilmequipe.be\/index.php\/services-2\/captations-live-multi-cameras\/#webpage\",\"url\":\"https:\/\/lafilmequipe.be\/index.php\/services-2\/captations-live-multi-cameras\/\",\"name\":\"Captations \/ Live multi-cam\\u00e9ras - La Film \\u00c9quipe\",\"isPartOf\":{\"@id\":\"http:\/\/lafilmequipe.be\/#website\"},\"datePublished\":\"2019-11-02T19:35:44+00:00\",\"dateModified\":\"2020-03-16T00:24:22+00:00\",\"breadcrumb\":{\"@id\":\"https:\/\/lafilmequipe.be\/index.php\/services-2\/captations-live-multi-cameras\/#breadcrumb\"},\"inLanguage\":\"fr-FR\",\"potentialAction\":[{\"@type\":\"ReadAction\",\"target\":[\"https:\/\/lafilmequipe.be\/index.php\/services-2\/captations-live-multi-cameras\/\"]}]},{\"@type\":\"BreadcrumbList\",\"@id\":\"https:\/\/lafilmequipe.be\/index.php\/services-2\/captations-live-multi-cameras\/#breadcrumb\",\"itemListElement\":[{\"@type\":\"ListItem\",\"position\":1,\"item\":{\"@type\":\"WebPage\",\"@id\":\"http:\/\/lafilmequipe.be\/\",\"url\":\"http:\/\/lafilmequipe.be\/\",\"name\":\"Accueil\"}},{\"@type\":\"ListItem\",\"position\":2,\"item\":{\"@type\":\"WebPage\",\"@id\":\"https:\/\/lafilmequipe.be\/index.php\/services-2\/\",\"url\":\"https:\/\/lafilmequipe.be\/index.php\/services-2\/\",\"name\":\"Services\"}},{\"@type\":\"ListItem\",\"position\":3,\"item\":{\"@type\":\"WebPage\",\"@id\":\"https:\/\/lafilmequipe.be\/index.php\/services-2\/captations-live-multi-cameras\/\",\"url\":\"https:\/\/lafilmequipe.be\/index.php\/services-2\/captations-live-multi-cameras\/\",\"name\":\"Captations \/ Live multi-cam\\u00e9ras\"}}]}]}<\/script>\n<!-- \/ Yoast SEO plugin. -->","uagb_featured_image_src":{"full":false,"thumbnail":false,"medium":false,"medium_large":false,"large":false,"1536x1536":false,"2048x2048":false},"uagb_author_info":{"display_name":"admin1822","author_link":"https:\/\/lafilmequipe.be\/index.php\/author\/admin1822\/"},"uagb_comment_info":0,"uagb_excerpt":"Captations &#8211; Multi-cam\u00e9ras &#8211; Live Streaming","jetpack_sharing_enabled":true,"_links":{"self":[{"href":"https:\/\/lafilmequipe.be\/index.php\/wp-json\/wp\/v2\/pages\/657"}],"collection":[{"href":"https:\/\/lafilmequipe.be\/index.php\/wp-json\/wp\/v2\/pages"}],"about":[{"href":"https:\/\/lafilmequipe.be\/index.php\/wp-json\/wp\/v2\/types\/page"}],"author":[{"embeddable":true,"href":"https:\/\/lafilmequipe.be\/index.php\/wp-json\/wp\/v2\/users\/1"}],"replies":[{"embeddable":true,"href":"https:\/\/lafilmequipe.be\/index.php\/wp-json\/wp\/v2\/comments?post=657"}],"version-history":[{"count":113,"href":"https:\/\/lafilmequipe.be\/index.php\/wp-json\/wp\/v2\/pages\/657\/revisions"}],"predecessor-version":[{"id":1509,"href":"https:\/\/lafilmequipe.be\/index.php\/wp-json\/wp\/v2\/pages\/657\/revisions\/1509"}],"up":[{"embeddable":true,"href":"https:\/\/lafilmequipe.be\/index.php\/wp-json\/wp\/v2\/pages\/644"}],"wp:attachment":[{"href":"https:\/\/lafilmequipe.be\/index.php\/wp-json\/wp\/v2\/media?parent=657"}],"curies":[{"name":"wp","href":"https:\/\/api.w.org\/{rel}","templated":true}]}}